{"id":27,"date":"2014-06-05T16:24:10","date_gmt":"2014-06-05T14:24:10","guid":{"rendered":"http:\/\/nasavrkyuo.cz\/?page_id=27"},"modified":"2025-06-09T11:15:37","modified_gmt":"2025-06-09T09:15:37","slug":"kontakty","status":"publish","type":"page","link":"https:\/\/nasavrkyuo.cz\/","title":{"rendered":"Kontakty"},"content":{"rendered":"<p>Obecn\u00ed \u00fa\u0159ad Nasavrky<\/p>\n<p>Nasavrky 31<br \/>\n56501 Choce\u0148<\/p>\n<p>I\u010cO: 00854000<\/p>\n<p>datov\u00e1 schr\u00e1nka: dgva3se<\/p>\n<p>Telefon: 776 386 111<\/p>\n<p>starosta obce: Ji\u0159\u00ed Sou\u010dek<\/p>\n<p>telefon: 731 487 206<\/p>\n<p>email: obec@nasavrkyuo.cz<\/p>\n<p>\u00da\u0159edn\u00ed hodiny:<br \/>\nSt\u0159eda 19:00 &#8211; 20:00<\/p>\n<p>Zastupitelstvo obce:<\/p>\n<p>m\u00edstostarostka: Mark\u00e9ta Jagenbreinov\u00e1<\/p>\n<p>\u010dlenov\u00e9: Petra Majznerov\u00e1, Ing. Petr Ou\u0159etsk\u00fd, Pavel Valach<\/p>\n<p>zem\u011bpisn\u00e1 \u0161\u00ed\u0159ka: 50\u00b0 1\u2019 33\u2019\u2019<br \/>\nzem\u011bpisn\u00e1 d\u00e9lka: 16\u00b0 15\u2019 47\u2019\u2019<\/p>\n","protected":false},"excerpt":{"rendered":"<p>Obecn\u00ed \u00fa\u0159ad Nasavrky Nasavrky 31 56501 Choce\u0148 I\u010cO: 00854000 datov\u00e1 schr\u00e1nka: dgva3se Telefon: 776 386 111 starosta obce: Ji\u0159\u00ed Sou\u010dek telefon: 731 487 206 email: obec@nasavrkyuo.cz \u00da\u0159edn\u00ed hodiny: St\u0159eda 19:00 &#8211; 20:00 Zastupitelstvo obce: m\u00edstostarostka: Mark\u00e9ta Jagenbreinov\u00e1 \u010dlenov\u00e9: Petra Majznerov\u00e1, Ing. Petr Ou\u0159etsk\u00fd, Pavel Valach zem\u011bpisn\u00e1 \u0161\u00ed\u0159ka: 50\u00b0 1\u2019 33\u2019\u2019 zem\u011bpisn\u00e1 d\u00e9lka: 16\u00b0 15\u2019 47\u2019\u2019<\/p>\n","protected":false},"author":1,"featured_media":0,"parent":0,"menu_order":0,"comment_status":"closed","ping_status":"closed","template":"","meta":{"footnotes":""},"class_list":["post-27","page","type-page","status-publish","hentry"],"_links":{"self":[{"href":"https:\/\/nasavrkyuo.cz\/index.php?rest_route=\/wp\/v2\/pages\/27","targetHints":{"allow":["GET"]}}],"collection":[{"href":"https:\/\/nasavrkyuo.cz\/index.php?rest_route=\/wp\/v2\/pages"}],"about":[{"href":"https:\/\/nasavrkyuo.cz\/index.php?rest_route=\/wp\/v2\/types\/page"}],"author":[{"embeddable":true,"href":"https:\/\/nasavrkyuo.cz\/index.php?rest_route=\/wp\/v2\/users\/1"}],"replies":[{"embeddable":true,"href":"https:\/\/nasavrkyuo.cz\/index.php?rest_route=%2Fwp%2Fv2%2Fcomments&post=27"}],"version-history":[{"count":8,"href":"https:\/\/nasavrkyuo.cz\/index.php?rest_route=\/wp\/v2\/pages\/27\/revisions"}],"predecessor-version":[{"id":1891,"href":"https:\/\/nasavrkyuo.cz\/index.php?rest_route=\/wp\/v2\/pages\/27\/revisions\/1891"}],"wp:attachment":[{"href":"https:\/\/nasavrkyuo.cz\/index.php?rest_route=%2Fwp%2Fv2%2Fmedia&parent=27"}],"curies":[{"name":"wp","href":"https:\/\/api.w.org\/{rel}","templated":true}]}}