{"id":757,"date":"2018-05-18T08:18:52","date_gmt":"2018-05-18T06:18:52","guid":{"rendered":"http:\/\/nasavrkyuo.cz\/?page_id=757"},"modified":"2018-05-18T08:18:52","modified_gmt":"2018-05-18T06:18:52","slug":"podatelna","status":"publish","type":"page","link":"https:\/\/nasavrkyuo.cz\/?page_id=757","title":{"rendered":"Podatelna"},"content":{"rendered":"<p>\u00da\u0159edn\u00ed hodiny: St\u0159eda 19:00 &#8211; 20:00<\/p>\n<p>Obecn\u00ed \u00fa\u0159ad Nasavrky<br \/>\nNasavrky 31<br \/>\n56501 Choce\u0148<\/p>\n<p>obec@nasavrkyuo.cz<\/p>\n<p>Datov\u00e1 schr\u00e1nka: dgva3se<\/p>\n<p>&nbsp;<\/p>\n<h6>P\u0159\u00edjman\u00e9 form\u00e1ty dokument\u016f: PDF, DOC, ODT<\/h6>\n<h6>P\u0159\u00edjman\u00e9 nosi\u010de dat: USB Flash, CD-ROM<\/h6>\n<h6><\/h6>\n<h6><\/h6>\n","protected":false},"excerpt":{"rendered":"<p>\u00da\u0159edn\u00ed hodiny: St\u0159eda 19:00 &#8211; 20:00 Obecn\u00ed \u00fa\u0159ad Nasavrky Nasavrky 31 56501 Choce\u0148 obec@nasavrkyuo.cz Datov\u00e1 schr\u00e1nka: dgva3se &nbsp; P\u0159\u00edjman\u00e9 form\u00e1ty dokument\u016f: PDF, DOC, ODT P\u0159\u00edjman\u00e9 nosi\u010de dat: USB Flash, CD-ROM<\/p>\n","protected":false},"author":1,"featured_media":0,"parent":0,"menu_order":0,"comment_status":"closed","ping_status":"closed","template":"","meta":{"footnotes":""},"class_list":["post-757","page","type-page","status-publish","hentry"],"_links":{"self":[{"href":"https:\/\/nasavrkyuo.cz\/index.php?rest_route=\/wp\/v2\/pages\/757","targetHints":{"allow":["GET"]}}],"collection":[{"href":"https:\/\/nasavrkyuo.cz\/index.php?rest_route=\/wp\/v2\/pages"}],"about":[{"href":"https:\/\/nasavrkyuo.cz\/index.php?rest_route=\/wp\/v2\/types\/page"}],"author":[{"embeddable":true,"href":"https:\/\/nasavrkyuo.cz\/index.php?rest_route=\/wp\/v2\/users\/1"}],"replies":[{"embeddable":true,"href":"https:\/\/nasavrkyuo.cz\/index.php?rest_route=%2Fwp%2Fv2%2Fcomments&post=757"}],"version-history":[{"count":2,"href":"https:\/\/nasavrkyuo.cz\/index.php?rest_route=\/wp\/v2\/pages\/757\/revisions"}],"predecessor-version":[{"id":765,"href":"https:\/\/nasavrkyuo.cz\/index.php?rest_route=\/wp\/v2\/pages\/757\/revisions\/765"}],"wp:attachment":[{"href":"https:\/\/nasavrkyuo.cz\/index.php?rest_route=%2Fwp%2Fv2%2Fmedia&parent=757"}],"curies":[{"name":"wp","href":"https:\/\/api.w.org\/{rel}","templated":true}]}}