{"id":906,"date":"2019-03-16T14:49:45","date_gmt":"2019-03-16T12:49:45","guid":{"rendered":"http:\/\/nasavrkyuo.cz\/?page_id=906"},"modified":"2019-09-08T00:31:24","modified_gmt":"2019-09-07T22:31:24","slug":"zpracovani-osobnich-udaju-gdpr","status":"publish","type":"page","link":"https:\/\/nasavrkyuo.cz\/?page_id=906","title":{"rendered":"Zpracov\u00e1n\u00ed osobn\u00edch \u00fadaj\u016f (GDPR)"},"content":{"rendered":"<p align=\"center\"><span style=\"font-size: large;\"><b>Informace o zpracov\u00e1n\u00ed osobn\u00edch \u00fadaj\u016f<\/b><\/span><\/p>\n<p align=\"justify\"><u><b>Spr\u00e1vce \u00fadaj\u016f:<\/b><\/u> Obec Nasavrky<\/p>\n<p align=\"justify\">Kontakty na spr\u00e1vce najdete <u><b><a href=\"http:\/\/nasavrkyuo.cz\/\">ZDE<\/a>.<\/b><\/u><\/p>\n<p align=\"justify\"><b>Jak\u00e1 je odpov\u011bdnost spr\u00e1vce?<\/b><\/p>\n<p align=\"justify\">Jako spr\u00e1vce (obec)<i> <\/i>jsme odpov\u011bdni za ve\u0161ker\u00e1 zpracov\u00e1n\u00ed Va\u0161ich osobn\u00edch \u00fadaj\u016f v\u00a0r\u00e1mci n\u011bkter\u00e9 agendy v\u00a0 obci. D\u00e1le vy\u0159izujeme Va\u0161e \u017e\u00e1dosti (nap\u0159. o\u00a0opravu, v\u00fdmaz, o informaci o Va\u0161ich osobn\u00edch \u00fadaj\u00edch), n\u00e1mitky, a poskytujeme V\u00e1m informace o tom, jak a pro\u010d s\u00a0va\u0161imi osobn\u00edmi \u00fadaji nakl\u00e1d\u00e1me.<\/p>\n<p align=\"justify\">O \u0159\u00e1dn\u00e9 nakl\u00e1d\u00e1n\u00ed s osobn\u00edmi \u00fadaji se star\u00e1 tak\u00e9 pov\u011b\u0159enec.<\/p>\n<p align=\"justify\">Kontakt<b> <\/b>na <u><b>pov\u011b\u0159ence pro ochranu osobn\u00edch \u00fadaj\u016f:<\/b><\/u><\/p>\n<p align=\"justify\">Magda Zdena Dvo\u0159\u00e1kov\u00e1, magda.dvorakova@@sms-sluzby.cz, tel. +420\u00a0603\u00a0108\u00a0203<\/p>\n<p align=\"justify\"><b>K\u00a0\u010demu je mi pov\u011b\u0159enec?<\/b><\/p>\n<p align=\"justify\">Na pov\u011b\u0159ence se tak\u00e9 m\u016f\u017eete obracet s\u00a0jak\u00fdmikoliv dotazy, podn\u011bty a po\u017eadavky na uplatn\u011bn\u00ed Va\u0161ich pr\u00e1v, kter\u00e9 se t\u00fdkaj\u00ed p\u0159\u00edmo Va\u0161ich osobn\u00edch \u00fadaj\u016f pou\u017e\u00edvan\u00fdch v\u00a0r\u00e1mci n\u011bkter\u00e9 agendy v\u00a0 obci, a\u00a0to zejm\u00e9na, pokud se nechcete obr\u00e1tit p\u0159\u00edmo na z\u00e1stupce obce.<\/p>\n<p align=\"justify\">Pov\u011b\u0159enec Va\u0161e dotazy, po\u017eadavky a podn\u011bty odborn\u011b vyhodnot\u00ed, p\u0159ed\u00e1 spr\u00e1vci spolu s\u00a0doporu\u010den\u00edm, jak je \u0159e\u0161it, p\u0159\u00edpadn\u011b v\u00e1m poskytne z\u00e1kladn\u00ed informace a konzultaci. Je v\u00e1zan\u00fd ml\u010denlivost\u00ed<sup><a class=\"sdfootnoteanc\" href=\"#sdfootnote1sym\" name=\"sdfootnote1anc\">1<\/a><\/sup> a dodr\u017euje d\u016fv\u011brnost i o st\u00ed\u017enostech<sup><a class=\"sdfootnoteanc\" href=\"#sdfootnote2sym\" name=\"sdfootnote2anc\">2<\/a><\/sup>. Odpov\u011bdn\u00fd za vy\u0159\u00edzen\u00ed Va\u0161ich dotaz\u016f, podn\u011bt\u016f, n\u00e1mitek a po\u017eadavk\u016f je v\u0161ak v\u00fdhradn\u011b samotn\u00fd spr\u00e1vce.<\/p>\n<p align=\"justify\"><b>Jak\u00e1 jsou Va\u0161e pr\u00e1va?<\/b><\/p>\n<p align=\"justify\">Pokud Va\u0161e osobn\u00ed \u00fadaje pou\u017e\u00edv\u00e1me v\u00a0r\u00e1mci n\u011bjak\u00e9 agendy v\u00a0 obci (odborn\u011b \u0159e\u010deno \u2013 na\u0161e obec je zpracov\u00e1v\u00e1 jako spr\u00e1vce), m\u00e1te pr\u00e1vo:<\/p>\n<ol>\n<li>\n<p align=\"justify\">Dot\u00e1zat se, <b>zda<\/b> se zpracov\u00e1vaj\u00ed, a \u017e\u00e1dat jejich <b>kopii<\/b> (export) (podrobn\u011bji \u010dl. 15 <span style=\"color: #0563c1;\"><u><a href=\"http:\/\/eur-lex.europa.eu\/legal-content\/CS\/TXT\/HTML\/?uri=CELEX:32016R0679&amp;from=en\">Obecn\u00e9ho na\u0159\u00edzen\u00ed EU o ochran\u011b osobn\u00edch \u00fadaj\u016f \u010d. 2016\/679<\/a><\/u><\/span>, d\u00e1le pou\u017e\u00edv\u00e1me zkratku ON). V\u00a0p\u0159\u00edpad\u011b, \u017ee V\u00e1\u0161 po\u017eadavek na poskytnut\u00ed t\u011bchto informac\u00ed bude zjevn\u011b bezd\u016fvodn\u00fd nebo nep\u0159im\u011b\u0159en\u00fd, zejm\u00e9na opakovan\u00fd v kr\u00e1tk\u00e9 dob\u011b, m\u016f\u017eeme po\u017eadovat \u00fahradu p\u0159im\u011b\u0159en\u00fdch n\u00e1klad\u016f<i>.<\/i> Zjevn\u011b bezd\u016fvodn\u00fd nebo nep\u0159im\u011b\u0159en\u00fd po\u017eadavek m\u016f\u017eeme t\u00e9\u017e odm\u00edtnout.<\/p>\n<\/li>\n<li>\n<p align=\"justify\">Po\u017eadovat <b>opravu sv\u00fdch osobn\u00edch \u00fadaj\u016f<\/b>, pokud jsou nep\u0159esn\u00e9, po\u017eadovat jejich <b>vymaz\u00e1n\u00ed<\/b>, pokud se zpracov\u00e1vaj\u00ed neopr\u00e1vn\u011bn\u011b, a po\u017eadovat, abychom jejich <b>zpracov\u00e1n\u00ed<\/b> <b>omezili <\/b>(podrobn\u011bji \u010dl. 16, 17 a 18 ON).<\/p>\n<\/li>\n<li>\n<p align=\"justify\">D\u00e1le v\u00a0p\u0159\u00edpadech, kdy zpracov\u00e1n\u00ed prob\u00edh\u00e1 proto, \u017ee t\u00edm pln\u00edme n\u00e1\u0161 \u00fakol ve ve\u0159ejn\u00e9m z\u00e1jmu nebo p\u0159i v\u00fdkonu ve\u0159ejn\u00e9 moci, kter\u00fdm jsme pov\u011b\u0159eni (\u010dl. 6 odst. 1 p\u00edsm. e) ON), anebo kv\u016fli na\u0161emu opr\u00e1vn\u011bn\u00e9mu z\u00e1jmu (\u010dl. 6 odst. 1 p\u00edsm. f) ON), m\u00e1te pr\u00e1vo podat proti tomuto zpracov\u00e1n\u00ed tzv. <b>n\u00e1mitku<\/b> (podrobn\u011bji \u010dl. 21 ON).<\/p>\n<\/li>\n<li>\n<p align=\"justify\"><a name=\"_GoBack\"><\/a> D\u00e1le m\u00e1te pr\u00e1vo se o zpracov\u00e1n\u00ed sv\u00fdch osobn\u00edch \u00fadaj\u016f dozv\u011bd\u011bt <b>informace<\/b>, vztahuj\u00edc\u00ed se k\u00a0jednotliv\u00fdm agend\u00e1m (\u201e\u00fa\u010del\u016fm zpracov\u00e1n\u00ed\u201c), kter\u00e9 z\u00e1rove\u0148 zve\u0159ej\u0148ujeme <u><b>ZDE <\/b><\/u><i>(vlo\u017eit odkaz na sestavu informac\u00ed o jednotliv\u00fdch agend\u00e1ch \u2013 \u00fa\u010delech zpracov\u00e1n\u00ed)<\/i>.<\/p>\n<\/li>\n<li>\n<p align=\"justify\">Pokud je zpracov\u00e1n\u00ed Va\u0161ich osobn\u00edch \u00fadaj\u016f zalo\u017eeno na tom, \u017ee jste n\u00e1m k\u00a0n\u011bmu ud\u011blili <b>souhlas<\/b> (\u010dl. 6 odst. 1 p\u00edsm. anebo \u010dl. 9 odst. 2 p\u00edsm. a ON), m\u00e1te pr\u00e1vo tento souhlas kdykoli <b>odvolat<\/b>. Souhlas odvol\u00e1te tak, \u017ee na adresu <span style=\"color: #0563c1;\"><u><a href=\"mailto:obec@nasavrkyuo.cz\">obec@nasavrkyuo.cz<\/a> <\/u><\/span>za\u0161lete zpr\u00e1vu, v\u00a0n\u00ed\u017e uvedete, o jak\u00fd souhlas jde a \u017ee ho odvol\u00e1v\u00e1te. Tot\u00e9\u017e m\u016f\u017eete zaslat i listinnou z\u00e1silkou na na\u0161i adresu, uvedenou na za\u010d\u00e1tku tohoto textu, anebo osobn\u011b.<\/p>\n<\/li>\n<li>\n<p align=\"justify\">Ve Va\u0161ich dotazech, podn\u011btech a po\u017eadavc\u00edch ke sv\u00fdm osobn\u00edm \u00fadaj\u016fm na sebe se mus\u00edte identifikovat a uv\u00e9st kontakt, proto\u017ee zpravidla budeme muset nejprve ov\u011b\u0159it Va\u0161i toto\u017enost. Vy\u0159\u00edzen\u00ed urychl\u00edte, pokud se na n\u00e1s obr\u00e1t\u00edte zp\u016fsobem prokazuj\u00edc\u00edm Va\u0161i toto\u017enost, jako je datov\u00e1 schr\u00e1nka, e\u2011mail s\u00a0uzn\u00e1van\u00fdm elektronick\u00fdm podpisem anebo listinn\u00e9 pod\u00e1n\u00ed s\u00a0ov\u011b\u0159en\u00fdm podpisem, p\u0159\u00edpadn\u011b se na obecn\u00ed \u00fa\u0159ad dostav\u00edte osobn\u011b s\u00a0pr\u016fkazem toto\u017enosti.<\/p>\n<\/li>\n<li>\n<p class=\"sdfootnote\">Pokud nebudete spokojeni s\u00a0vy\u0159\u00edzen\u00edm dotazu, po\u017eadavku nebo podn\u011btu spr\u00e1vcem, m\u00e1te pr\u00e1vo <b>podat st\u00ed\u017enost<\/b> k\u00a0<span style=\"color: #0563c1;\"><u><a href=\"https:\/\/www.uoou.cz\/\">\u00da\u0159adu pro ochranu osobn\u00edch \u00fadaj\u016f<\/a><\/u><\/span>. P\u0159edt\u00edm je ale v\u017edy vhodn\u00e9 projednat probl\u00e9m s\u00a0<b>pov\u011b\u0159encem<\/b>. Jeho \u00fakolem je p\u0159edev\u0161\u00edm pr\u00e1v\u011b dohl\u00ed\u017eet na to, zda s\u00a0Va\u0161imi \u00fadaji pracujeme \u0159\u00e1dn\u011b a neporu\u0161ujeme Va\u0161e pr\u00e1va.<a class=\"sdfootnotesym\" href=\"#sdfootnote1anc\" name=\"sdfootnote1sym\"><\/a><\/p>\n<\/li>\n<\/ol>\n","protected":false},"excerpt":{"rendered":"<p>Informace o zpracov\u00e1n\u00ed osobn\u00edch \u00fadaj\u016f Spr\u00e1vce \u00fadaj\u016f: Obec Nasavrky Kontakty na spr\u00e1vce najdete ZDE. Jak\u00e1 je odpov\u011bdnost spr\u00e1vce? Jako spr\u00e1vce (obec) jsme odpov\u011bdni za ve\u0161ker\u00e1 zpracov\u00e1n\u00ed Va\u0161ich osobn\u00edch \u00fadaj\u016f v\u00a0r\u00e1mci n\u011bkter\u00e9 agendy v\u00a0 obci. D\u00e1le vy\u0159izujeme Va\u0161e \u017e\u00e1dosti (nap\u0159. o\u00a0opravu, v\u00fdmaz, o informaci o Va\u0161ich osobn\u00edch \u00fadaj\u00edch), n\u00e1mitky, a poskytujeme V\u00e1m informace o tom, jak &hellip; <a href=\"https:\/\/nasavrkyuo.cz\/?page_id=906\" class=\"more-link\">Pokra\u010dov\u00e1n\u00ed textu <span class=\"screen-reader-text\">Zpracov\u00e1n\u00ed osobn\u00edch \u00fadaj\u016f (GDPR)<\/span> <span class=\"meta-nav\">&rarr;<\/span><\/a><\/p>\n","protected":false},"author":1,"featured_media":0,"parent":0,"menu_order":0,"comment_status":"closed","ping_status":"closed","template":"","meta":{"footnotes":""},"class_list":["post-906","page","type-page","status-publish","hentry"],"_links":{"self":[{"href":"https:\/\/nasavrkyuo.cz\/index.php?rest_route=\/wp\/v2\/pages\/906","targetHints":{"allow":["GET"]}}],"collection":[{"href":"https:\/\/nasavrkyuo.cz\/index.php?rest_route=\/wp\/v2\/pages"}],"about":[{"href":"https:\/\/nasavrkyuo.cz\/index.php?rest_route=\/wp\/v2\/types\/page"}],"author":[{"embeddable":true,"href":"https:\/\/nasavrkyuo.cz\/index.php?rest_route=\/wp\/v2\/users\/1"}],"replies":[{"embeddable":true,"href":"https:\/\/nasavrkyuo.cz\/index.php?rest_route=%2Fwp%2Fv2%2Fcomments&post=906"}],"version-history":[{"count":3,"href":"https:\/\/nasavrkyuo.cz\/index.php?rest_route=\/wp\/v2\/pages\/906\/revisions"}],"predecessor-version":[{"id":988,"href":"https:\/\/nasavrkyuo.cz\/index.php?rest_route=\/wp\/v2\/pages\/906\/revisions\/988"}],"wp:attachment":[{"href":"https:\/\/nasavrkyuo.cz\/index.php?rest_route=%2Fwp%2Fv2%2Fmedia&parent=906"}],"curies":[{"name":"wp","href":"https:\/\/api.w.org\/{rel}","templated":true}]}}